{"id":72,"date":"2025-11-10T01:58:04","date_gmt":"2025-11-10T00:58:04","guid":{"rendered":"https:\/\/buzz223.com\/?page_id=72"},"modified":"2025-11-10T01:58:07","modified_gmt":"2025-11-10T00:58:07","slug":"a-propos","status":"publish","type":"page","link":"https:\/\/buzz223.com\/?page_id=72","title":{"rendered":"A propos"},"content":{"rendered":"\n<p>Bienvenue sur Buzz223, votre source incontournable d\u2019informations et d\u2019actualit\u00e9s en temps r\u00e9el, 24h\/24 et 7j\/7. Nous nous engageons \u00e0 vous fournir des contenus fiables, rapides et pertinents, couvrant tous les sujets qui comptent : soci\u00e9t\u00e9, technologie, culture, \u00e9conomie et bien plus encore.<\/p>\n\n\n\n<p>Notre objectif est simple : vous permettre de rester inform\u00e9, de comprendre les enjeux actuels et de d\u00e9couvrir les tendances qui fa\u00e7onnent notre monde, le tout de mani\u00e8re claire et accessible.<\/p>\n\n\n\n<p>Pour toute question, suggestion ou collaboration, contactez-nous \u00e0 contact@buzz223.com.<\/p>\n\n\n\n<p>Buzz223 \u2013 L\u2019info en continu, au rythme de votre curiosit\u00e9.<\/p>\n\n\n\n<p><\/p>\n\n\n\n<figure class=\"wp-block-gallery has-nested-images columns-default is-cropped wp-block-gallery-1 is-layout-flex wp-block-gallery-is-layout-flex\">\n<figure class=\"wp-block-image size-large\"><img type=\"image\/webp\" data-id=\"8\"  alt=\"\" class=\"wp-image-8 lws-optimize-lazyload\"\/ width=\"512\" height=\"512\" data-src=\"https:\/\/buzz223.com\/wp-content\/uploads\/2025\/11\/cropped-Compress_20250901_120249_9096.jpg\"><\/figure>\n<\/figure>\n","protected":false},"excerpt":{"rendered":"<p>Bienvenue sur Buzz223, votre source incontournable d\u2019informations et d\u2019actualit\u00e9s en temps r\u00e9el, 24h\/24 et 7j\/7. Nous nous engageons \u00e0 vous fournir des contenus fiables, rapides et pertinents, couvrant tous les sujets qui comptent : soci\u00e9t\u00e9, technologie, culture, \u00e9conomie et bien plus encore. Notre objectif est simple : vous permettre de rester inform\u00e9, de comprendre les [&hellip;]<\/p>\n","protected":false},"author":1,"featured_media":0,"parent":0,"menu_order":0,"comment_status":"closed","ping_status":"closed","template":"","meta":{"googlesitekit_rrm_CAowypfDDA:productID":"","footnotes":""},"class_list":["post-72","page","type-page","status-publish","hentry"],"yoast_head":"<!-- This site is optimized with the Yoast SEO plugin v27.4 - https:\/\/yoast.com\/product\/yoast-seo-wordpress\/ -->\n<title>A propos - Buzz 223<\/title>\n<meta name=\"robots\" content=\"index, follow, max-snippet:-1, max-image-preview:large, max-video-preview:-1\" \/>\n<link rel=\"canonical\" href=\"https:\/\/buzz223.com\/?page_id=72\" \/>\n<meta property=\"og:locale\" content=\"fr_FR\" \/>\n<meta property=\"og:type\" content=\"article\" \/>\n<meta property=\"og:title\" content=\"A propos - Buzz 223\" \/>\n<meta property=\"og:description\" content=\"Bienvenue sur Buzz223, votre source incontournable d\u2019informations et d\u2019actualit\u00e9s en temps r\u00e9el, 24h\/24 et 7j\/7. Nous nous engageons \u00e0 vous fournir des contenus fiables, rapides et pertinents, couvrant tous les sujets qui comptent : soci\u00e9t\u00e9, technologie, culture, \u00e9conomie et bien plus encore. Notre objectif est simple : vous permettre de rester inform\u00e9, de comprendre les [&hellip;]\" \/>\n<meta property=\"og:url\" content=\"https:\/\/buzz223.com\/?page_id=72\" \/>\n<meta property=\"og:site_name\" content=\"Buzz 223\" \/>\n<meta property=\"article:publisher\" content=\"https:\/\/www.facebook.com\/share\/1A3Led6RVa\/\" \/>\n<meta property=\"article:modified_time\" content=\"2025-11-10T00:58:07+00:00\" \/>\n<meta property=\"og:image\" content=\"https:\/\/buzz223.com\/wp-content\/uploads\/2025\/11\/cropped-Compress_20250901_120249_9096.jpg\" \/>\n<meta name=\"twitter:card\" content=\"summary_large_image\" \/>\n<meta name=\"twitter:label1\" content=\"Dur\u00e9e de lecture estim\u00e9e\" \/>\n\t<meta name=\"twitter:data1\" content=\"1 minute\" \/>\n<script type=\"application\/ld+json\" class=\"yoast-schema-graph\">{\"@context\":\"https:\\\/\\\/schema.org\",\"@graph\":[{\"@type\":\"WebPage\",\"@id\":\"https:\\\/\\\/buzz223.com\\\/?page_id=72\",\"url\":\"https:\\\/\\\/buzz223.com\\\/?page_id=72\",\"name\":\"A propos - Buzz 223\",\"isPartOf\":{\"@id\":\"https:\\\/\\\/buzz223.com\\\/#website\"},\"primaryImageOfPage\":{\"@id\":\"https:\\\/\\\/buzz223.com\\\/?page_id=72#primaryimage\"},\"image\":{\"@id\":\"https:\\\/\\\/buzz223.com\\\/?page_id=72#primaryimage\"},\"thumbnailUrl\":\"https:\\\/\\\/buzz223.com\\\/wp-content\\\/uploads\\\/2025\\\/11\\\/cropped-Compress_20250901_120249_9096.jpg\",\"datePublished\":\"2025-11-10T00:58:04+00:00\",\"dateModified\":\"2025-11-10T00:58:07+00:00\",\"breadcrumb\":{\"@id\":\"https:\\\/\\\/buzz223.com\\\/?page_id=72#breadcrumb\"},\"inLanguage\":\"fr-FR\",\"potentialAction\":[{\"@type\":\"ReadAction\",\"target\":[\"https:\\\/\\\/buzz223.com\\\/?page_id=72\"]}]},{\"@type\":\"ImageObject\",\"inLanguage\":\"fr-FR\",\"@id\":\"https:\\\/\\\/buzz223.com\\\/?page_id=72#primaryimage\",\"url\":\"https:\\\/\\\/buzz223.com\\\/wp-content\\\/uploads\\\/2025\\\/11\\\/cropped-Compress_20250901_120249_9096_lwsoptimized.webp\",\"contentUrl\":\"https:\\\/\\\/buzz223.com\\\/wp-content\\\/uploads\\\/2025\\\/11\\\/cropped-Compress_20250901_120249_9096_lwsoptimized.webp\",\"width\":512,\"height\":512},{\"@type\":\"BreadcrumbList\",\"@id\":\"https:\\\/\\\/buzz223.com\\\/?page_id=72#breadcrumb\",\"itemListElement\":[{\"@type\":\"ListItem\",\"position\":1,\"name\":\"Home\",\"item\":\"https:\\\/\\\/buzz223.com\\\/\"},{\"@type\":\"ListItem\",\"position\":2,\"name\":\"A propos\"}]},{\"@type\":\"WebSite\",\"@id\":\"https:\\\/\\\/buzz223.com\\\/#website\",\"url\":\"https:\\\/\\\/buzz223.com\\\/\",\"name\":\"Buzz 223\",\"description\":\"\",\"publisher\":{\"@id\":\"https:\\\/\\\/buzz223.com\\\/#organization\"},\"potentialAction\":[{\"@type\":\"SearchAction\",\"target\":{\"@type\":\"EntryPoint\",\"urlTemplate\":\"https:\\\/\\\/buzz223.com\\\/?s={search_term_string}\"},\"query-input\":{\"@type\":\"PropertyValueSpecification\",\"valueRequired\":true,\"valueName\":\"search_term_string\"}}],\"inLanguage\":\"fr-FR\"},{\"@type\":\"Organization\",\"@id\":\"https:\\\/\\\/buzz223.com\\\/#organization\",\"name\":\"Buzz 223\",\"url\":\"https:\\\/\\\/buzz223.com\\\/\",\"logo\":{\"@type\":\"ImageObject\",\"inLanguage\":\"fr-FR\",\"@id\":\"https:\\\/\\\/buzz223.com\\\/#\\\/schema\\\/logo\\\/image\\\/\",\"url\":\"https:\\\/\\\/buzz223.com\\\/wp-content\\\/uploads\\\/2025\\\/11\\\/cropped-Compress_20250901_120249_9096_lwsoptimized.webp\",\"contentUrl\":\"https:\\\/\\\/buzz223.com\\\/wp-content\\\/uploads\\\/2025\\\/11\\\/cropped-Compress_20250901_120249_9096_lwsoptimized.webp\",\"width\":512,\"height\":512,\"caption\":\"Buzz 223\"},\"image\":{\"@id\":\"https:\\\/\\\/buzz223.com\\\/#\\\/schema\\\/logo\\\/image\\\/\"},\"sameAs\":[\"https:\\\/\\\/www.facebook.com\\\/share\\\/1A3Led6RVa\\\/\"]}]}<\/script>\n<!-- \/ Yoast SEO plugin. -->","yoast_head_json":{"title":"A propos - Buzz 223","robots":{"index":"index","follow":"follow","max-snippet":"max-snippet:-1","max-image-preview":"max-image-preview:large","max-video-preview":"max-video-preview:-1"},"canonical":"https:\/\/buzz223.com\/?page_id=72","og_locale":"fr_FR","og_type":"article","og_title":"A propos - Buzz 223","og_description":"Bienvenue sur Buzz223, votre source incontournable d\u2019informations et d\u2019actualit\u00e9s en temps r\u00e9el, 24h\/24 et 7j\/7. Nous nous engageons \u00e0 vous fournir des contenus fiables, rapides et pertinents, couvrant tous les sujets qui comptent : soci\u00e9t\u00e9, technologie, culture, \u00e9conomie et bien plus encore. Notre objectif est simple : vous permettre de rester inform\u00e9, de comprendre les [&hellip;]","og_url":"https:\/\/buzz223.com\/?page_id=72","og_site_name":"Buzz 223","article_publisher":"https:\/\/www.facebook.com\/share\/1A3Led6RVa\/","article_modified_time":"2025-11-10T00:58:07+00:00","og_image":[{"url":"https:\/\/buzz223.com\/wp-content\/uploads\/2025\/11\/cropped-Compress_20250901_120249_9096.jpg","type":"","width":"","height":""}],"twitter_card":"summary_large_image","twitter_misc":{"Dur\u00e9e de lecture estim\u00e9e":"1 minute"},"schema":{"@context":"https:\/\/schema.org","@graph":[{"@type":"WebPage","@id":"https:\/\/buzz223.com\/?page_id=72","url":"https:\/\/buzz223.com\/?page_id=72","name":"A propos - Buzz 223","isPartOf":{"@id":"https:\/\/buzz223.com\/#website"},"primaryImageOfPage":{"@id":"https:\/\/buzz223.com\/?page_id=72#primaryimage"},"image":{"@id":"https:\/\/buzz223.com\/?page_id=72#primaryimage"},"thumbnailUrl":"https:\/\/buzz223.com\/wp-content\/uploads\/2025\/11\/cropped-Compress_20250901_120249_9096.jpg","datePublished":"2025-11-10T00:58:04+00:00","dateModified":"2025-11-10T00:58:07+00:00","breadcrumb":{"@id":"https:\/\/buzz223.com\/?page_id=72#breadcrumb"},"inLanguage":"fr-FR","potentialAction":[{"@type":"ReadAction","target":["https:\/\/buzz223.com\/?page_id=72"]}]},{"@type":"ImageObject","inLanguage":"fr-FR","@id":"https:\/\/buzz223.com\/?page_id=72#primaryimage","url":"https:\/\/buzz223.com\/wp-content\/uploads\/2025\/11\/cropped-Compress_20250901_120249_9096_lwsoptimized.webp","contentUrl":"https:\/\/buzz223.com\/wp-content\/uploads\/2025\/11\/cropped-Compress_20250901_120249_9096_lwsoptimized.webp","width":512,"height":512},{"@type":"BreadcrumbList","@id":"https:\/\/buzz223.com\/?page_id=72#breadcrumb","itemListElement":[{"@type":"ListItem","position":1,"name":"Home","item":"https:\/\/buzz223.com\/"},{"@type":"ListItem","position":2,"name":"A propos"}]},{"@type":"WebSite","@id":"https:\/\/buzz223.com\/#website","url":"https:\/\/buzz223.com\/","name":"Buzz 223","description":"","publisher":{"@id":"https:\/\/buzz223.com\/#organization"},"potentialAction":[{"@type":"SearchAction","target":{"@type":"EntryPoint","urlTemplate":"https:\/\/buzz223.com\/?s={search_term_string}"},"query-input":{"@type":"PropertyValueSpecification","valueRequired":true,"valueName":"search_term_string"}}],"inLanguage":"fr-FR"},{"@type":"Organization","@id":"https:\/\/buzz223.com\/#organization","name":"Buzz 223","url":"https:\/\/buzz223.com\/","logo":{"@type":"ImageObject","inLanguage":"fr-FR","@id":"https:\/\/buzz223.com\/#\/schema\/logo\/image\/","url":"https:\/\/buzz223.com\/wp-content\/uploads\/2025\/11\/cropped-Compress_20250901_120249_9096_lwsoptimized.webp","contentUrl":"https:\/\/buzz223.com\/wp-content\/uploads\/2025\/11\/cropped-Compress_20250901_120249_9096_lwsoptimized.webp","width":512,"height":512,"caption":"Buzz 223"},"image":{"@id":"https:\/\/buzz223.com\/#\/schema\/logo\/image\/"},"sameAs":["https:\/\/www.facebook.com\/share\/1A3Led6RVa\/"]}]}},"rttpg_featured_image_url":null,"rttpg_author":{"display_name":"Tahirou6138","author_link":"https:\/\/buzz223.com\/?author=1"},"rttpg_comment":0,"rttpg_category":null,"rttpg_excerpt":"Bienvenue sur Buzz223, votre source incontournable d\u2019informations et d\u2019actualit\u00e9s en temps r\u00e9el, 24h\/24 et 7j\/7. Nous nous engageons \u00e0 vous fournir des contenus fiables, rapides et pertinents, couvrant tous les sujets qui comptent : soci\u00e9t\u00e9, technologie, culture, \u00e9conomie et bien plus encore. Notre objectif est simple : vous permettre de rester inform\u00e9, de comprendre les\u2026","_links":{"self":[{"href":"https:\/\/buzz223.com\/index.php?rest_route=\/wp\/v2\/pages\/72","targetHints":{"allow":["GET"]}}],"collection":[{"href":"https:\/\/buzz223.com\/index.php?rest_route=\/wp\/v2\/pages"}],"about":[{"href":"https:\/\/buzz223.com\/index.php?rest_route=\/wp\/v2\/types\/page"}],"author":[{"embeddable":true,"href":"https:\/\/buzz223.com\/index.php?rest_route=\/wp\/v2\/users\/1"}],"replies":[{"embeddable":true,"href":"https:\/\/buzz223.com\/index.php?rest_route=%2Fwp%2Fv2%2Fcomments&post=72"}],"version-history":[{"count":0,"href":"https:\/\/buzz223.com\/index.php?rest_route=\/wp\/v2\/pages\/72\/revisions"}],"wp:attachment":[{"href":"https:\/\/buzz223.com\/index.php?rest_route=%2Fwp%2Fv2%2Fmedia&parent=72"}],"curies":[{"name":"wp","href":"https:\/\/api.w.org\/{rel}","templated":true}]}}